{"id":2294,"date":"2024-10-25T14:10:01","date_gmt":"2024-10-25T12:10:01","guid":{"rendered":"https:\/\/topcatsheavyduty.com\/de\/?page_id=2294"},"modified":"2024-10-25T14:10:01","modified_gmt":"2024-10-25T12:10:01","slug":"ueberholung-des-daf-euro-6-doc","status":"publish","type":"page","link":"https:\/\/topcatsheavyduty.com\/de\/ueberholung-des-daf-euro-6-doc\/","title":{"rendered":"\u00dcberholung des DAF Euro 6 DOC"},"content":{"rendered":"","protected":false},"excerpt":{"rendered":"","protected":false},"author":11,"featured_media":2296,"parent":0,"menu_order":0,"comment_status":"closed","ping_status":"closed","template":"","meta":{"_acf_changed":false,"footnotes":""},"class_list":["post-2294","page","type-page","status-publish","has-post-thumbnail","hentry"],"acf":[],"yoast_head":"<!-- This site is optimized with the Yoast SEO plugin v27.5 - https:\/\/yoast.com\/product\/yoast-seo-wordpress\/ -->\n<title>\u00dcberholung des DAF Euro 6 DOC - Topcats Heavy Duty Deutschland<\/title>\n<meta name=\"description\" content=\"St\u00f6rungen am EAS des DAF-Lkw? Topcats Heavy Duty reinigt und \u00fcberholt DPF, SCR und DOC. Sparen Sie Wartungskosten.\" \/>\n<meta name=\"robots\" content=\"index, follow, max-snippet:-1, max-image-preview:large, max-video-preview:-1\" \/>\n<link rel=\"canonical\" href=\"https:\/\/topcatsheavyduty.com\/de\/ueberholung-des-daf-euro-6-doc\/\" \/>\n<meta property=\"og:locale\" content=\"de_DE\" \/>\n<meta property=\"og:type\" content=\"article\" \/>\n<meta property=\"og:title\" content=\"\u00dcberholung des DAF Euro 6 DOC - Topcats Heavy Duty Deutschland\" \/>\n<meta property=\"og:description\" content=\"St\u00f6rungen am EAS des DAF-Lkw? Topcats Heavy Duty reinigt und \u00fcberholt DPF, SCR und DOC. Sparen Sie Wartungskosten.\" \/>\n<meta property=\"og:url\" content=\"https:\/\/topcatsheavyduty.com\/de\/ueberholung-des-daf-euro-6-doc\/\" \/>\n<meta property=\"og:site_name\" content=\"Topcats Heavy Duty Deutschland\" \/>\n<meta property=\"og:image\" content=\"https:\/\/topcatsheavyduty.com\/de\/wp-content\/uploads\/sites\/2\/2024\/10\/DAF-Euro-6-systemen-bij-Topcats-20241023.jpg\" \/>\n\t<meta property=\"og:image:width\" content=\"2040\" \/>\n\t<meta property=\"og:image:height\" content=\"1530\" \/>\n\t<meta property=\"og:image:type\" content=\"image\/jpeg\" \/>\n<meta name=\"twitter:card\" content=\"summary_large_image\" \/>\n<meta name=\"twitter:label1\" content=\"Gesch\u00e4tzte Lesezeit\" \/>\n\t<meta name=\"twitter:data1\" content=\"5\u00a0Minuten\" \/>\n<script type=\"application\/ld+json\" class=\"yoast-schema-graph\">{\"@context\":\"https:\\\/\\\/schema.org\",\"@graph\":[{\"@type\":\"WebPage\",\"@id\":\"https:\\\/\\\/topcatsheavyduty.com\\\/de\\\/ueberholung-des-daf-euro-6-doc\\\/\",\"url\":\"https:\\\/\\\/topcatsheavyduty.com\\\/de\\\/ueberholung-des-daf-euro-6-doc\\\/\",\"name\":\"\u00dcberholung des DAF Euro 6 DOC - Topcats Heavy Duty Deutschland\",\"isPartOf\":{\"@id\":\"https:\\\/\\\/topcatsheavyduty.com\\\/de\\\/#website\"},\"primaryImageOfPage\":{\"@id\":\"https:\\\/\\\/topcatsheavyduty.com\\\/de\\\/ueberholung-des-daf-euro-6-doc\\\/#primaryimage\"},\"image\":{\"@id\":\"https:\\\/\\\/topcatsheavyduty.com\\\/de\\\/ueberholung-des-daf-euro-6-doc\\\/#primaryimage\"},\"thumbnailUrl\":\"https:\\\/\\\/topcatsheavyduty.com\\\/de\\\/wp-content\\\/uploads\\\/sites\\\/2\\\/2024\\\/10\\\/DAF-Euro-6-systemen-bij-Topcats-20241023.jpg\",\"datePublished\":\"2024-10-25T12:10:01+00:00\",\"description\":\"St\u00f6rungen am EAS des DAF-Lkw? Topcats Heavy Duty reinigt und \u00fcberholt DPF, SCR und DOC. Sparen Sie Wartungskosten.\",\"breadcrumb\":{\"@id\":\"https:\\\/\\\/topcatsheavyduty.com\\\/de\\\/ueberholung-des-daf-euro-6-doc\\\/#breadcrumb\"},\"inLanguage\":\"de\",\"potentialAction\":[{\"@type\":\"ReadAction\",\"target\":[\"https:\\\/\\\/topcatsheavyduty.com\\\/de\\\/ueberholung-des-daf-euro-6-doc\\\/\"]}]},{\"@type\":\"ImageObject\",\"inLanguage\":\"de\",\"@id\":\"https:\\\/\\\/topcatsheavyduty.com\\\/de\\\/ueberholung-des-daf-euro-6-doc\\\/#primaryimage\",\"url\":\"https:\\\/\\\/topcatsheavyduty.com\\\/de\\\/wp-content\\\/uploads\\\/sites\\\/2\\\/2024\\\/10\\\/DAF-Euro-6-systemen-bij-Topcats-20241023.jpg\",\"contentUrl\":\"https:\\\/\\\/topcatsheavyduty.com\\\/de\\\/wp-content\\\/uploads\\\/sites\\\/2\\\/2024\\\/10\\\/DAF-Euro-6-systemen-bij-Topcats-20241023.jpg\",\"width\":2040,\"height\":1530,\"caption\":\"DAF Euro 6-Systeme bei Topcats\"},{\"@type\":\"BreadcrumbList\",\"@id\":\"https:\\\/\\\/topcatsheavyduty.com\\\/de\\\/ueberholung-des-daf-euro-6-doc\\\/#breadcrumb\",\"itemListElement\":[{\"@type\":\"ListItem\",\"position\":1,\"name\":\"Home\",\"item\":\"https:\\\/\\\/topcatsheavyduty.com\\\/de\\\/\"},{\"@type\":\"ListItem\",\"position\":2,\"name\":\"\u00dcberholung des DAF Euro 6 DOC\"}]},{\"@type\":\"WebSite\",\"@id\":\"https:\\\/\\\/topcatsheavyduty.com\\\/de\\\/#website\",\"url\":\"https:\\\/\\\/topcatsheavyduty.com\\\/de\\\/\",\"name\":\"Topcats Heavy Duty\",\"description\":\"\",\"publisher\":{\"@id\":\"https:\\\/\\\/topcatsheavyduty.com\\\/de\\\/#organization\"},\"potentialAction\":[{\"@type\":\"SearchAction\",\"target\":{\"@type\":\"EntryPoint\",\"urlTemplate\":\"https:\\\/\\\/topcatsheavyduty.com\\\/de\\\/?s={search_term_string}\"},\"query-input\":{\"@type\":\"PropertyValueSpecification\",\"valueRequired\":true,\"valueName\":\"search_term_string\"}}],\"inLanguage\":\"de\"},{\"@type\":\"Organization\",\"@id\":\"https:\\\/\\\/topcatsheavyduty.com\\\/de\\\/#organization\",\"name\":\"Topcats\",\"url\":\"https:\\\/\\\/topcatsheavyduty.com\\\/de\\\/\",\"logo\":{\"@type\":\"ImageObject\",\"inLanguage\":\"de\",\"@id\":\"https:\\\/\\\/topcatsheavyduty.com\\\/de\\\/#\\\/schema\\\/logo\\\/image\\\/\",\"url\":\"https:\\\/\\\/topcatsheavyduty.com\\\/de\\\/wp-content\\\/smush-webp\\\/2023\\\/01\\\/topcats-logo-fullcolor-black-2-01-e1674655633834.png.webp\",\"contentUrl\":\"https:\\\/\\\/topcatsheavyduty.com\\\/de\\\/wp-content\\\/smush-webp\\\/2023\\\/01\\\/topcats-logo-fullcolor-black-2-01-e1674655633834.png.webp\",\"width\":1200,\"height\":256,\"caption\":\"Topcats\"},\"image\":{\"@id\":\"https:\\\/\\\/topcatsheavyduty.com\\\/de\\\/#\\\/schema\\\/logo\\\/image\\\/\"}}]}<\/script>\n<!-- \/ Yoast SEO plugin. -->","yoast_head_json":{"title":"\u00dcberholung des DAF Euro 6 DOC - Topcats Heavy Duty Deutschland","description":"St\u00f6rungen am EAS des DAF-Lkw? Topcats Heavy Duty reinigt und \u00fcberholt DPF, SCR und DOC. Sparen Sie Wartungskosten.","robots":{"index":"index","follow":"follow","max-snippet":"max-snippet:-1","max-image-preview":"max-image-preview:large","max-video-preview":"max-video-preview:-1"},"canonical":"https:\/\/topcatsheavyduty.com\/de\/ueberholung-des-daf-euro-6-doc\/","og_locale":"de_DE","og_type":"article","og_title":"\u00dcberholung des DAF Euro 6 DOC - Topcats Heavy Duty Deutschland","og_description":"St\u00f6rungen am EAS des DAF-Lkw? Topcats Heavy Duty reinigt und \u00fcberholt DPF, SCR und DOC. Sparen Sie Wartungskosten.","og_url":"https:\/\/topcatsheavyduty.com\/de\/ueberholung-des-daf-euro-6-doc\/","og_site_name":"Topcats Heavy Duty Deutschland","og_image":[{"width":2040,"height":1530,"url":"https:\/\/topcatsheavyduty.com\/de\/wp-content\/uploads\/sites\/2\/2024\/10\/DAF-Euro-6-systemen-bij-Topcats-20241023.jpg","type":"image\/jpeg"}],"twitter_card":"summary_large_image","twitter_misc":{"Gesch\u00e4tzte Lesezeit":"5\u00a0Minuten"},"schema":{"@context":"https:\/\/schema.org","@graph":[{"@type":"WebPage","@id":"https:\/\/topcatsheavyduty.com\/de\/ueberholung-des-daf-euro-6-doc\/","url":"https:\/\/topcatsheavyduty.com\/de\/ueberholung-des-daf-euro-6-doc\/","name":"\u00dcberholung des DAF Euro 6 DOC - Topcats Heavy Duty Deutschland","isPartOf":{"@id":"https:\/\/topcatsheavyduty.com\/de\/#website"},"primaryImageOfPage":{"@id":"https:\/\/topcatsheavyduty.com\/de\/ueberholung-des-daf-euro-6-doc\/#primaryimage"},"image":{"@id":"https:\/\/topcatsheavyduty.com\/de\/ueberholung-des-daf-euro-6-doc\/#primaryimage"},"thumbnailUrl":"https:\/\/topcatsheavyduty.com\/de\/wp-content\/uploads\/sites\/2\/2024\/10\/DAF-Euro-6-systemen-bij-Topcats-20241023.jpg","datePublished":"2024-10-25T12:10:01+00:00","description":"St\u00f6rungen am EAS des DAF-Lkw? Topcats Heavy Duty reinigt und \u00fcberholt DPF, SCR und DOC. Sparen Sie Wartungskosten.","breadcrumb":{"@id":"https:\/\/topcatsheavyduty.com\/de\/ueberholung-des-daf-euro-6-doc\/#breadcrumb"},"inLanguage":"de","potentialAction":[{"@type":"ReadAction","target":["https:\/\/topcatsheavyduty.com\/de\/ueberholung-des-daf-euro-6-doc\/"]}]},{"@type":"ImageObject","inLanguage":"de","@id":"https:\/\/topcatsheavyduty.com\/de\/ueberholung-des-daf-euro-6-doc\/#primaryimage","url":"https:\/\/topcatsheavyduty.com\/de\/wp-content\/uploads\/sites\/2\/2024\/10\/DAF-Euro-6-systemen-bij-Topcats-20241023.jpg","contentUrl":"https:\/\/topcatsheavyduty.com\/de\/wp-content\/uploads\/sites\/2\/2024\/10\/DAF-Euro-6-systemen-bij-Topcats-20241023.jpg","width":2040,"height":1530,"caption":"DAF Euro 6-Systeme bei Topcats"},{"@type":"BreadcrumbList","@id":"https:\/\/topcatsheavyduty.com\/de\/ueberholung-des-daf-euro-6-doc\/#breadcrumb","itemListElement":[{"@type":"ListItem","position":1,"name":"Home","item":"https:\/\/topcatsheavyduty.com\/de\/"},{"@type":"ListItem","position":2,"name":"\u00dcberholung des DAF Euro 6 DOC"}]},{"@type":"WebSite","@id":"https:\/\/topcatsheavyduty.com\/de\/#website","url":"https:\/\/topcatsheavyduty.com\/de\/","name":"Topcats Heavy Duty","description":"","publisher":{"@id":"https:\/\/topcatsheavyduty.com\/de\/#organization"},"potentialAction":[{"@type":"SearchAction","target":{"@type":"EntryPoint","urlTemplate":"https:\/\/topcatsheavyduty.com\/de\/?s={search_term_string}"},"query-input":{"@type":"PropertyValueSpecification","valueRequired":true,"valueName":"search_term_string"}}],"inLanguage":"de"},{"@type":"Organization","@id":"https:\/\/topcatsheavyduty.com\/de\/#organization","name":"Topcats","url":"https:\/\/topcatsheavyduty.com\/de\/","logo":{"@type":"ImageObject","inLanguage":"de","@id":"https:\/\/topcatsheavyduty.com\/de\/#\/schema\/logo\/image\/","url":"https:\/\/topcatsheavyduty.com\/de\/wp-content\/smush-webp\/2023\/01\/topcats-logo-fullcolor-black-2-01-e1674655633834.png.webp","contentUrl":"https:\/\/topcatsheavyduty.com\/de\/wp-content\/smush-webp\/2023\/01\/topcats-logo-fullcolor-black-2-01-e1674655633834.png.webp","width":1200,"height":256,"caption":"Topcats"},"image":{"@id":"https:\/\/topcatsheavyduty.com\/de\/#\/schema\/logo\/image\/"}}]}},"_links":{"self":[{"href":"https:\/\/topcatsheavyduty.com\/de\/wp-json\/wp\/v2\/pages\/2294","targetHints":{"allow":["GET"]}}],"collection":[{"href":"https:\/\/topcatsheavyduty.com\/de\/wp-json\/wp\/v2\/pages"}],"about":[{"href":"https:\/\/topcatsheavyduty.com\/de\/wp-json\/wp\/v2\/types\/page"}],"author":[{"embeddable":true,"href":"https:\/\/topcatsheavyduty.com\/de\/wp-json\/wp\/v2\/users\/11"}],"replies":[{"embeddable":true,"href":"https:\/\/topcatsheavyduty.com\/de\/wp-json\/wp\/v2\/comments?post=2294"}],"version-history":[{"count":6,"href":"https:\/\/topcatsheavyduty.com\/de\/wp-json\/wp\/v2\/pages\/2294\/revisions"}],"predecessor-version":[{"id":2302,"href":"https:\/\/topcatsheavyduty.com\/de\/wp-json\/wp\/v2\/pages\/2294\/revisions\/2302"}],"wp:featuredmedia":[{"embeddable":true,"href":"https:\/\/topcatsheavyduty.com\/de\/wp-json\/wp\/v2\/media\/2296"}],"wp:attachment":[{"href":"https:\/\/topcatsheavyduty.com\/de\/wp-json\/wp\/v2\/media?parent=2294"}],"curies":[{"name":"wp","href":"https:\/\/api.w.org\/{rel}","templated":true}]}}