{"id":2444,"date":"2025-06-12T16:35:12","date_gmt":"2025-06-12T14:35:12","guid":{"rendered":"https:\/\/topcatsheavyduty.com\/de\/?page_id=2444"},"modified":"2025-10-28T11:22:00","modified_gmt":"2025-10-28T10:22:00","slug":"daf-lkw-stoerungen","status":"publish","type":"page","link":"https:\/\/topcatsheavyduty.com\/de\/daf-lkw-stoerungen\/","title":{"rendered":"DAF-LKW-St\u00f6rungen"},"content":{"rendered":"","protected":false},"excerpt":{"rendered":"","protected":false},"author":11,"featured_media":0,"parent":0,"menu_order":0,"comment_status":"closed","ping_status":"closed","template":"","meta":{"_acf_changed":false,"footnotes":""},"class_list":["post-2444","page","type-page","status-publish","hentry"],"acf":[],"yoast_head":"<!-- This site is optimized with the Yoast SEO plugin v27.3 - https:\/\/yoast.com\/product\/yoast-seo-wordpress\/ -->\n<title>DAF-LKW-St\u00f6rungen - Topcats Heavy Duty Deutschland<\/title>\n<meta name=\"description\" content=\"St\u00f6rungen an Ihrem DAF-Lkw? Eine Reinigung oder \u00dcberholung von Partikelfilter und Katalysator ist unerl\u00e4sslich! Vereinbaren Sie einen Termin.\" \/>\n<meta name=\"robots\" content=\"index, follow, max-snippet:-1, max-image-preview:large, max-video-preview:-1\" \/>\n<link rel=\"canonical\" href=\"https:\/\/topcatsheavyduty.com\/de\/daf-lkw-stoerungen\/\" \/>\n<meta property=\"og:locale\" content=\"de_DE\" \/>\n<meta property=\"og:type\" content=\"article\" \/>\n<meta property=\"og:title\" content=\"DAF-LKW-St\u00f6rungen - Topcats Heavy Duty Deutschland\" \/>\n<meta property=\"og:description\" content=\"St\u00f6rungen an Ihrem DAF-Lkw? Eine Reinigung oder \u00dcberholung von Partikelfilter und Katalysator ist unerl\u00e4sslich! Vereinbaren Sie einen Termin.\" \/>\n<meta property=\"og:url\" content=\"https:\/\/topcatsheavyduty.com\/de\/daf-lkw-stoerungen\/\" \/>\n<meta property=\"og:site_name\" content=\"Topcats Heavy Duty Deutschland\" \/>\n<meta property=\"article:modified_time\" content=\"2025-10-28T10:22:00+00:00\" \/>\n<meta name=\"twitter:card\" content=\"summary_large_image\" \/>\n<meta name=\"twitter:label1\" content=\"Gesch\u00e4tzte Lesezeit\" \/>\n\t<meta name=\"twitter:data1\" content=\"3\u00a0Minuten\" \/>\n<script type=\"application\/ld+json\" class=\"yoast-schema-graph\">{\"@context\":\"https:\\\/\\\/schema.org\",\"@graph\":[{\"@type\":\"WebPage\",\"@id\":\"https:\\\/\\\/topcatsheavyduty.com\\\/de\\\/daf-lkw-stoerungen\\\/\",\"url\":\"https:\\\/\\\/topcatsheavyduty.com\\\/de\\\/daf-lkw-stoerungen\\\/\",\"name\":\"DAF-LKW-St\u00f6rungen - Topcats Heavy Duty Deutschland\",\"isPartOf\":{\"@id\":\"https:\\\/\\\/topcatsheavyduty.com\\\/de\\\/#website\"},\"datePublished\":\"2025-06-12T14:35:12+00:00\",\"dateModified\":\"2025-10-28T10:22:00+00:00\",\"description\":\"St\u00f6rungen an Ihrem DAF-Lkw? Eine Reinigung oder \u00dcberholung von Partikelfilter und Katalysator ist unerl\u00e4sslich! Vereinbaren Sie einen Termin.\",\"breadcrumb\":{\"@id\":\"https:\\\/\\\/topcatsheavyduty.com\\\/de\\\/daf-lkw-stoerungen\\\/#breadcrumb\"},\"inLanguage\":\"de\",\"potentialAction\":[{\"@type\":\"ReadAction\",\"target\":[\"https:\\\/\\\/topcatsheavyduty.com\\\/de\\\/daf-lkw-stoerungen\\\/\"]}]},{\"@type\":\"BreadcrumbList\",\"@id\":\"https:\\\/\\\/topcatsheavyduty.com\\\/de\\\/daf-lkw-stoerungen\\\/#breadcrumb\",\"itemListElement\":[{\"@type\":\"ListItem\",\"position\":1,\"name\":\"Home\",\"item\":\"https:\\\/\\\/topcatsheavyduty.com\\\/de\\\/\"},{\"@type\":\"ListItem\",\"position\":2,\"name\":\"DAF-LKW-St\u00f6rungen\"}]},{\"@type\":\"WebSite\",\"@id\":\"https:\\\/\\\/topcatsheavyduty.com\\\/de\\\/#website\",\"url\":\"https:\\\/\\\/topcatsheavyduty.com\\\/de\\\/\",\"name\":\"Topcats Heavy Duty\",\"description\":\"\",\"publisher\":{\"@id\":\"https:\\\/\\\/topcatsheavyduty.com\\\/de\\\/#organization\"},\"potentialAction\":[{\"@type\":\"SearchAction\",\"target\":{\"@type\":\"EntryPoint\",\"urlTemplate\":\"https:\\\/\\\/topcatsheavyduty.com\\\/de\\\/?s={search_term_string}\"},\"query-input\":{\"@type\":\"PropertyValueSpecification\",\"valueRequired\":true,\"valueName\":\"search_term_string\"}}],\"inLanguage\":\"de\"},{\"@type\":\"Organization\",\"@id\":\"https:\\\/\\\/topcatsheavyduty.com\\\/de\\\/#organization\",\"name\":\"Topcats\",\"url\":\"https:\\\/\\\/topcatsheavyduty.com\\\/de\\\/\",\"logo\":{\"@type\":\"ImageObject\",\"inLanguage\":\"de\",\"@id\":\"https:\\\/\\\/topcatsheavyduty.com\\\/de\\\/#\\\/schema\\\/logo\\\/image\\\/\",\"url\":\"https:\\\/\\\/topcatsheavyduty.com\\\/de\\\/wp-content\\\/smush-webp\\\/2023\\\/01\\\/topcats-logo-fullcolor-black-2-01-e1674655633834.png.webp\",\"contentUrl\":\"https:\\\/\\\/topcatsheavyduty.com\\\/de\\\/wp-content\\\/smush-webp\\\/2023\\\/01\\\/topcats-logo-fullcolor-black-2-01-e1674655633834.png.webp\",\"width\":1200,\"height\":256,\"caption\":\"Topcats\"},\"image\":{\"@id\":\"https:\\\/\\\/topcatsheavyduty.com\\\/de\\\/#\\\/schema\\\/logo\\\/image\\\/\"}}]}<\/script>\n<!-- \/ Yoast SEO plugin. -->","yoast_head_json":{"title":"DAF-LKW-St\u00f6rungen - Topcats Heavy Duty Deutschland","description":"St\u00f6rungen an Ihrem DAF-Lkw? Eine Reinigung oder \u00dcberholung von Partikelfilter und Katalysator ist unerl\u00e4sslich! Vereinbaren Sie einen Termin.","robots":{"index":"index","follow":"follow","max-snippet":"max-snippet:-1","max-image-preview":"max-image-preview:large","max-video-preview":"max-video-preview:-1"},"canonical":"https:\/\/topcatsheavyduty.com\/de\/daf-lkw-stoerungen\/","og_locale":"de_DE","og_type":"article","og_title":"DAF-LKW-St\u00f6rungen - Topcats Heavy Duty Deutschland","og_description":"St\u00f6rungen an Ihrem DAF-Lkw? Eine Reinigung oder \u00dcberholung von Partikelfilter und Katalysator ist unerl\u00e4sslich! Vereinbaren Sie einen Termin.","og_url":"https:\/\/topcatsheavyduty.com\/de\/daf-lkw-stoerungen\/","og_site_name":"Topcats Heavy Duty Deutschland","article_modified_time":"2025-10-28T10:22:00+00:00","twitter_card":"summary_large_image","twitter_misc":{"Gesch\u00e4tzte Lesezeit":"3\u00a0Minuten"},"schema":{"@context":"https:\/\/schema.org","@graph":[{"@type":"WebPage","@id":"https:\/\/topcatsheavyduty.com\/de\/daf-lkw-stoerungen\/","url":"https:\/\/topcatsheavyduty.com\/de\/daf-lkw-stoerungen\/","name":"DAF-LKW-St\u00f6rungen - Topcats Heavy Duty Deutschland","isPartOf":{"@id":"https:\/\/topcatsheavyduty.com\/de\/#website"},"datePublished":"2025-06-12T14:35:12+00:00","dateModified":"2025-10-28T10:22:00+00:00","description":"St\u00f6rungen an Ihrem DAF-Lkw? Eine Reinigung oder \u00dcberholung von Partikelfilter und Katalysator ist unerl\u00e4sslich! Vereinbaren Sie einen Termin.","breadcrumb":{"@id":"https:\/\/topcatsheavyduty.com\/de\/daf-lkw-stoerungen\/#breadcrumb"},"inLanguage":"de","potentialAction":[{"@type":"ReadAction","target":["https:\/\/topcatsheavyduty.com\/de\/daf-lkw-stoerungen\/"]}]},{"@type":"BreadcrumbList","@id":"https:\/\/topcatsheavyduty.com\/de\/daf-lkw-stoerungen\/#breadcrumb","itemListElement":[{"@type":"ListItem","position":1,"name":"Home","item":"https:\/\/topcatsheavyduty.com\/de\/"},{"@type":"ListItem","position":2,"name":"DAF-LKW-St\u00f6rungen"}]},{"@type":"WebSite","@id":"https:\/\/topcatsheavyduty.com\/de\/#website","url":"https:\/\/topcatsheavyduty.com\/de\/","name":"Topcats Heavy Duty","description":"","publisher":{"@id":"https:\/\/topcatsheavyduty.com\/de\/#organization"},"potentialAction":[{"@type":"SearchAction","target":{"@type":"EntryPoint","urlTemplate":"https:\/\/topcatsheavyduty.com\/de\/?s={search_term_string}"},"query-input":{"@type":"PropertyValueSpecification","valueRequired":true,"valueName":"search_term_string"}}],"inLanguage":"de"},{"@type":"Organization","@id":"https:\/\/topcatsheavyduty.com\/de\/#organization","name":"Topcats","url":"https:\/\/topcatsheavyduty.com\/de\/","logo":{"@type":"ImageObject","inLanguage":"de","@id":"https:\/\/topcatsheavyduty.com\/de\/#\/schema\/logo\/image\/","url":"https:\/\/topcatsheavyduty.com\/de\/wp-content\/smush-webp\/2023\/01\/topcats-logo-fullcolor-black-2-01-e1674655633834.png.webp","contentUrl":"https:\/\/topcatsheavyduty.com\/de\/wp-content\/smush-webp\/2023\/01\/topcats-logo-fullcolor-black-2-01-e1674655633834.png.webp","width":1200,"height":256,"caption":"Topcats"},"image":{"@id":"https:\/\/topcatsheavyduty.com\/de\/#\/schema\/logo\/image\/"}}]}},"_links":{"self":[{"href":"https:\/\/topcatsheavyduty.com\/de\/wp-json\/wp\/v2\/pages\/2444","targetHints":{"allow":["GET"]}}],"collection":[{"href":"https:\/\/topcatsheavyduty.com\/de\/wp-json\/wp\/v2\/pages"}],"about":[{"href":"https:\/\/topcatsheavyduty.com\/de\/wp-json\/wp\/v2\/types\/page"}],"author":[{"embeddable":true,"href":"https:\/\/topcatsheavyduty.com\/de\/wp-json\/wp\/v2\/users\/11"}],"replies":[{"embeddable":true,"href":"https:\/\/topcatsheavyduty.com\/de\/wp-json\/wp\/v2\/comments?post=2444"}],"version-history":[{"count":4,"href":"https:\/\/topcatsheavyduty.com\/de\/wp-json\/wp\/v2\/pages\/2444\/revisions"}],"predecessor-version":[{"id":2881,"href":"https:\/\/topcatsheavyduty.com\/de\/wp-json\/wp\/v2\/pages\/2444\/revisions\/2881"}],"wp:attachment":[{"href":"https:\/\/topcatsheavyduty.com\/de\/wp-json\/wp\/v2\/media?parent=2444"}],"curies":[{"name":"wp","href":"https:\/\/api.w.org\/{rel}","templated":true}]}}