{"id":2665,"date":"2025-08-28T16:51:14","date_gmt":"2025-08-28T14:51:14","guid":{"rendered":"https:\/\/topcatsheavyduty.com\/de\/?page_id=2665"},"modified":"2025-08-29T10:38:55","modified_gmt":"2025-08-29T08:38:55","slug":"lkw-storingen","status":"publish","type":"page","link":"https:\/\/topcatsheavyduty.com\/de\/lkw-storingen\/","title":{"rendered":"lkw-storingen"},"content":{"rendered":"","protected":false},"excerpt":{"rendered":"","protected":false},"author":11,"featured_media":2673,"parent":0,"menu_order":0,"comment_status":"closed","ping_status":"closed","template":"","meta":{"_acf_changed":false,"footnotes":""},"class_list":["post-2665","page","type-page","status-publish","has-post-thumbnail","hentry"],"acf":[],"yoast_head":"<!-- This site is optimized with the Yoast SEO plugin v27.4 - https:\/\/yoast.com\/product\/yoast-seo-wordpress\/ -->\n<title>lkw-storingen - Topcats Heavy Duty Deutschland<\/title>\n<meta name=\"description\" content=\"Lkw-St\u00f6rung? Wir sorgen daf\u00fcr, dass Emissionsprobleme schnell, nachhaltig und kosteng\u00fcnstig gel\u00f6st werden.\" \/>\n<meta name=\"robots\" content=\"index, follow, max-snippet:-1, max-image-preview:large, max-video-preview:-1\" \/>\n<link rel=\"canonical\" href=\"https:\/\/topcatsheavyduty.com\/de\/lkw-storingen\/\" \/>\n<meta property=\"og:locale\" content=\"de_DE\" \/>\n<meta property=\"og:type\" content=\"article\" \/>\n<meta property=\"og:title\" content=\"lkw-storingen - Topcats Heavy Duty Deutschland\" \/>\n<meta property=\"og:description\" content=\"Lkw-St\u00f6rung? Wir sorgen daf\u00fcr, dass Emissionsprobleme schnell, nachhaltig und kosteng\u00fcnstig gel\u00f6st werden.\" \/>\n<meta property=\"og:url\" content=\"https:\/\/topcatsheavyduty.com\/de\/lkw-storingen\/\" \/>\n<meta property=\"og:site_name\" content=\"Topcats Heavy Duty Deutschland\" \/>\n<meta property=\"article:modified_time\" content=\"2025-08-29T08:38:55+00:00\" \/>\n<meta property=\"og:image\" content=\"https:\/\/topcatsheavyduty.com\/de\/wp-content\/uploads\/sites\/2\/2025\/08\/DAF-XG-XF.jpeg\" \/>\n\t<meta property=\"og:image:width\" content=\"1600\" \/>\n\t<meta property=\"og:image:height\" content=\"800\" \/>\n\t<meta property=\"og:image:type\" content=\"image\/jpeg\" \/>\n<meta name=\"twitter:card\" content=\"summary_large_image\" \/>\n<meta name=\"twitter:label1\" content=\"Gesch\u00e4tzte Lesezeit\" \/>\n\t<meta name=\"twitter:data1\" content=\"6\u00a0Minuten\" \/>\n<script type=\"application\/ld+json\" class=\"yoast-schema-graph\">{\"@context\":\"https:\\\/\\\/schema.org\",\"@graph\":[{\"@type\":\"WebPage\",\"@id\":\"https:\\\/\\\/topcatsheavyduty.com\\\/de\\\/lkw-storingen\\\/\",\"url\":\"https:\\\/\\\/topcatsheavyduty.com\\\/de\\\/lkw-storingen\\\/\",\"name\":\"lkw-storingen - Topcats Heavy Duty Deutschland\",\"isPartOf\":{\"@id\":\"https:\\\/\\\/topcatsheavyduty.com\\\/de\\\/#website\"},\"primaryImageOfPage\":{\"@id\":\"https:\\\/\\\/topcatsheavyduty.com\\\/de\\\/lkw-storingen\\\/#primaryimage\"},\"image\":{\"@id\":\"https:\\\/\\\/topcatsheavyduty.com\\\/de\\\/lkw-storingen\\\/#primaryimage\"},\"thumbnailUrl\":\"https:\\\/\\\/topcatsheavyduty.com\\\/de\\\/wp-content\\\/uploads\\\/sites\\\/2\\\/2025\\\/08\\\/DAF-XG-XF.jpeg\",\"datePublished\":\"2025-08-28T14:51:14+00:00\",\"dateModified\":\"2025-08-29T08:38:55+00:00\",\"description\":\"Lkw-St\u00f6rung? Wir sorgen daf\u00fcr, dass Emissionsprobleme schnell, nachhaltig und kosteng\u00fcnstig gel\u00f6st werden.\",\"breadcrumb\":{\"@id\":\"https:\\\/\\\/topcatsheavyduty.com\\\/de\\\/lkw-storingen\\\/#breadcrumb\"},\"inLanguage\":\"de\",\"potentialAction\":[{\"@type\":\"ReadAction\",\"target\":[\"https:\\\/\\\/topcatsheavyduty.com\\\/de\\\/lkw-storingen\\\/\"]}]},{\"@type\":\"ImageObject\",\"inLanguage\":\"de\",\"@id\":\"https:\\\/\\\/topcatsheavyduty.com\\\/de\\\/lkw-storingen\\\/#primaryimage\",\"url\":\"https:\\\/\\\/topcatsheavyduty.com\\\/de\\\/wp-content\\\/uploads\\\/sites\\\/2\\\/2025\\\/08\\\/DAF-XG-XF.jpeg\",\"contentUrl\":\"https:\\\/\\\/topcatsheavyduty.com\\\/de\\\/wp-content\\\/uploads\\\/sites\\\/2\\\/2025\\\/08\\\/DAF-XG-XF.jpeg\",\"width\":1600,\"height\":800,\"caption\":\"Lkw-St\u00f6rung bei DAF oder andern LKW?\"},{\"@type\":\"BreadcrumbList\",\"@id\":\"https:\\\/\\\/topcatsheavyduty.com\\\/de\\\/lkw-storingen\\\/#breadcrumb\",\"itemListElement\":[{\"@type\":\"ListItem\",\"position\":1,\"name\":\"Home\",\"item\":\"https:\\\/\\\/topcatsheavyduty.com\\\/de\\\/\"},{\"@type\":\"ListItem\",\"position\":2,\"name\":\"lkw-storingen\"}]},{\"@type\":\"WebSite\",\"@id\":\"https:\\\/\\\/topcatsheavyduty.com\\\/de\\\/#website\",\"url\":\"https:\\\/\\\/topcatsheavyduty.com\\\/de\\\/\",\"name\":\"Topcats Heavy Duty\",\"description\":\"\",\"publisher\":{\"@id\":\"https:\\\/\\\/topcatsheavyduty.com\\\/de\\\/#organization\"},\"potentialAction\":[{\"@type\":\"SearchAction\",\"target\":{\"@type\":\"EntryPoint\",\"urlTemplate\":\"https:\\\/\\\/topcatsheavyduty.com\\\/de\\\/?s={search_term_string}\"},\"query-input\":{\"@type\":\"PropertyValueSpecification\",\"valueRequired\":true,\"valueName\":\"search_term_string\"}}],\"inLanguage\":\"de\"},{\"@type\":\"Organization\",\"@id\":\"https:\\\/\\\/topcatsheavyduty.com\\\/de\\\/#organization\",\"name\":\"Topcats\",\"url\":\"https:\\\/\\\/topcatsheavyduty.com\\\/de\\\/\",\"logo\":{\"@type\":\"ImageObject\",\"inLanguage\":\"de\",\"@id\":\"https:\\\/\\\/topcatsheavyduty.com\\\/de\\\/#\\\/schema\\\/logo\\\/image\\\/\",\"url\":\"https:\\\/\\\/topcatsheavyduty.com\\\/de\\\/wp-content\\\/smush-webp\\\/2023\\\/01\\\/topcats-logo-fullcolor-black-2-01-e1674655633834.png.webp\",\"contentUrl\":\"https:\\\/\\\/topcatsheavyduty.com\\\/de\\\/wp-content\\\/smush-webp\\\/2023\\\/01\\\/topcats-logo-fullcolor-black-2-01-e1674655633834.png.webp\",\"width\":1200,\"height\":256,\"caption\":\"Topcats\"},\"image\":{\"@id\":\"https:\\\/\\\/topcatsheavyduty.com\\\/de\\\/#\\\/schema\\\/logo\\\/image\\\/\"}}]}<\/script>\n<!-- \/ Yoast SEO plugin. -->","yoast_head_json":{"title":"lkw-storingen - Topcats Heavy Duty Deutschland","description":"Lkw-St\u00f6rung? Wir sorgen daf\u00fcr, dass Emissionsprobleme schnell, nachhaltig und kosteng\u00fcnstig gel\u00f6st werden.","robots":{"index":"index","follow":"follow","max-snippet":"max-snippet:-1","max-image-preview":"max-image-preview:large","max-video-preview":"max-video-preview:-1"},"canonical":"https:\/\/topcatsheavyduty.com\/de\/lkw-storingen\/","og_locale":"de_DE","og_type":"article","og_title":"lkw-storingen - Topcats Heavy Duty Deutschland","og_description":"Lkw-St\u00f6rung? Wir sorgen daf\u00fcr, dass Emissionsprobleme schnell, nachhaltig und kosteng\u00fcnstig gel\u00f6st werden.","og_url":"https:\/\/topcatsheavyduty.com\/de\/lkw-storingen\/","og_site_name":"Topcats Heavy Duty Deutschland","article_modified_time":"2025-08-29T08:38:55+00:00","og_image":[{"width":1600,"height":800,"url":"https:\/\/topcatsheavyduty.com\/de\/wp-content\/uploads\/sites\/2\/2025\/08\/DAF-XG-XF.jpeg","type":"image\/jpeg"}],"twitter_card":"summary_large_image","twitter_misc":{"Gesch\u00e4tzte Lesezeit":"6\u00a0Minuten"},"schema":{"@context":"https:\/\/schema.org","@graph":[{"@type":"WebPage","@id":"https:\/\/topcatsheavyduty.com\/de\/lkw-storingen\/","url":"https:\/\/topcatsheavyduty.com\/de\/lkw-storingen\/","name":"lkw-storingen - Topcats Heavy Duty Deutschland","isPartOf":{"@id":"https:\/\/topcatsheavyduty.com\/de\/#website"},"primaryImageOfPage":{"@id":"https:\/\/topcatsheavyduty.com\/de\/lkw-storingen\/#primaryimage"},"image":{"@id":"https:\/\/topcatsheavyduty.com\/de\/lkw-storingen\/#primaryimage"},"thumbnailUrl":"https:\/\/topcatsheavyduty.com\/de\/wp-content\/uploads\/sites\/2\/2025\/08\/DAF-XG-XF.jpeg","datePublished":"2025-08-28T14:51:14+00:00","dateModified":"2025-08-29T08:38:55+00:00","description":"Lkw-St\u00f6rung? Wir sorgen daf\u00fcr, dass Emissionsprobleme schnell, nachhaltig und kosteng\u00fcnstig gel\u00f6st werden.","breadcrumb":{"@id":"https:\/\/topcatsheavyduty.com\/de\/lkw-storingen\/#breadcrumb"},"inLanguage":"de","potentialAction":[{"@type":"ReadAction","target":["https:\/\/topcatsheavyduty.com\/de\/lkw-storingen\/"]}]},{"@type":"ImageObject","inLanguage":"de","@id":"https:\/\/topcatsheavyduty.com\/de\/lkw-storingen\/#primaryimage","url":"https:\/\/topcatsheavyduty.com\/de\/wp-content\/uploads\/sites\/2\/2025\/08\/DAF-XG-XF.jpeg","contentUrl":"https:\/\/topcatsheavyduty.com\/de\/wp-content\/uploads\/sites\/2\/2025\/08\/DAF-XG-XF.jpeg","width":1600,"height":800,"caption":"Lkw-St\u00f6rung bei DAF oder andern LKW?"},{"@type":"BreadcrumbList","@id":"https:\/\/topcatsheavyduty.com\/de\/lkw-storingen\/#breadcrumb","itemListElement":[{"@type":"ListItem","position":1,"name":"Home","item":"https:\/\/topcatsheavyduty.com\/de\/"},{"@type":"ListItem","position":2,"name":"lkw-storingen"}]},{"@type":"WebSite","@id":"https:\/\/topcatsheavyduty.com\/de\/#website","url":"https:\/\/topcatsheavyduty.com\/de\/","name":"Topcats Heavy Duty","description":"","publisher":{"@id":"https:\/\/topcatsheavyduty.com\/de\/#organization"},"potentialAction":[{"@type":"SearchAction","target":{"@type":"EntryPoint","urlTemplate":"https:\/\/topcatsheavyduty.com\/de\/?s={search_term_string}"},"query-input":{"@type":"PropertyValueSpecification","valueRequired":true,"valueName":"search_term_string"}}],"inLanguage":"de"},{"@type":"Organization","@id":"https:\/\/topcatsheavyduty.com\/de\/#organization","name":"Topcats","url":"https:\/\/topcatsheavyduty.com\/de\/","logo":{"@type":"ImageObject","inLanguage":"de","@id":"https:\/\/topcatsheavyduty.com\/de\/#\/schema\/logo\/image\/","url":"https:\/\/topcatsheavyduty.com\/de\/wp-content\/smush-webp\/2023\/01\/topcats-logo-fullcolor-black-2-01-e1674655633834.png.webp","contentUrl":"https:\/\/topcatsheavyduty.com\/de\/wp-content\/smush-webp\/2023\/01\/topcats-logo-fullcolor-black-2-01-e1674655633834.png.webp","width":1200,"height":256,"caption":"Topcats"},"image":{"@id":"https:\/\/topcatsheavyduty.com\/de\/#\/schema\/logo\/image\/"}}]}},"_links":{"self":[{"href":"https:\/\/topcatsheavyduty.com\/de\/wp-json\/wp\/v2\/pages\/2665","targetHints":{"allow":["GET"]}}],"collection":[{"href":"https:\/\/topcatsheavyduty.com\/de\/wp-json\/wp\/v2\/pages"}],"about":[{"href":"https:\/\/topcatsheavyduty.com\/de\/wp-json\/wp\/v2\/types\/page"}],"author":[{"embeddable":true,"href":"https:\/\/topcatsheavyduty.com\/de\/wp-json\/wp\/v2\/users\/11"}],"replies":[{"embeddable":true,"href":"https:\/\/topcatsheavyduty.com\/de\/wp-json\/wp\/v2\/comments?post=2665"}],"version-history":[{"count":13,"href":"https:\/\/topcatsheavyduty.com\/de\/wp-json\/wp\/v2\/pages\/2665\/revisions"}],"predecessor-version":[{"id":2783,"href":"https:\/\/topcatsheavyduty.com\/de\/wp-json\/wp\/v2\/pages\/2665\/revisions\/2783"}],"wp:featuredmedia":[{"embeddable":true,"href":"https:\/\/topcatsheavyduty.com\/de\/wp-json\/wp\/v2\/media\/2673"}],"wp:attachment":[{"href":"https:\/\/topcatsheavyduty.com\/de\/wp-json\/wp\/v2\/media?parent=2665"}],"curies":[{"name":"wp","href":"https:\/\/api.w.org\/{rel}","templated":true}]}}